{"id":6571,"date":"2023-02-24T11:36:01","date_gmt":"2023-02-24T10:36:01","guid":{"rendered":"https:\/\/german-medico.com\/?post_type=product&#038;p=6571"},"modified":"2023-03-14T17:41:50","modified_gmt":"2023-03-14T16:41:50","slug":"decabolin","status":"publish","type":"product","link":"https:\/\/german-medico.com\/de\/produkt\/decabolin\/","title":{"rendered":"DECABOLIN"},"content":{"rendered":"<p>Dies ist ein spezifisches Produkt ausgerichtet auf den Aufbau von roher, massiver Kraft und eines riesigen Volumens. Die einzelnen Komponenten weisen ein ideales Verh\u00e4ltnis f\u00fcr den Aufbau von Muskelmasse auf.<\/p>\n<p>Deacabolin ist ein oral aktives Erg\u00e4nzungsmittel, welches den einzigen legalen Pr\u00e4kursor Nandrolone auf dem Markt anbietet. Deacabolin wird umgewandelt in Nandrolon und ist besser als Testosteron f\u00fcr den Aufbau von Muskelmasse. Ein weiterer Vorteil von Deacabolin ist der Umstand, dass es weniger Nebenwirkungen als Testosteron aufweist. Decabolin ist eine anabolisierende Verbindung und kann nicht direkt zu \u00d6strogen aromatisieren oder in DHT \u00fcbergehen. Dies bedeutet weniger Nebenwirkungen gegen\u00fcber \u00e4hnlichen Erg\u00e4nzungsmitteln, welche zu \u00d6strogen aromatisieren. Dieses Erg\u00e4nzungsmittel f\u00fchrt auch zu keinem Gewichtsanstieg oder zur H\u00e4ufung von Wasser; Sie legen lediglich schlanke Muskelmasse und Kraft zu. Decabolin verleiht Ihnen w\u00e4hrend des Trainings einen h\u00f6heren Aggressivit\u00e4t und kann hervorragend mit anderen Produkten kombiniert werden.<\/p>\n<p><strong>\u00dcberpr\u00fcfen Sie Ihr Produkt!<\/strong><\/p>\n<p>Der korrekte Produkt-Code besteht aus einer Folge von Buchstaben und Zahlen. Sollten Sie Probleme mit dem Code haben \u2014 so kontaktieren Sie uns bitte!<\/p>\n","protected":false},"excerpt":{"rendered":"<p><strong>DECABOLIN<\/strong>: Ausgerichtet ist das Produkt auf einen schnellen Aufbau von Muskelmasse und Kraft. Die komplexe Zusammensetzung sorgt f\u00fcr einen schnellen Aufbau von Muskelmasse. Ein gro\u00dfer Vorteil ist der wissenschaftlich bewiesene Umstand, dass das Produkt die Kraft und Leistungsf\u00e4higkeit um mehr als 32% zu steigern vermag. Zur Wirkungsmaximierung enth\u00e4lt das Produkt 2 Tr\u00e4gerkomponenten, n\u00e4mlich LGD und MK677. Deacabolin wurde mit Elitesportlern entwickelt und die Produktwirkung zu maximieren. Die im Produkt verwendeten Bestandteile erreichen h\u00f6chste Pharma-Qualit\u00e4t.<\/p>\n","protected":false},"featured_media":6030,"template":"","meta":[],"product_cat":[164],"product_tag":[],"class_list":["post-6571","product","type-product","status-publish","has-post-thumbnail","hentry","product_cat-prohormones-de"],"meta_box":{"_product_subtitle":"schneller Aufbau von Muskelmasse","_product_mg":"90 Kapseln \/ 45 mg","_icon_text_group":[{"_icon_image":["5986"],"_icon_text":"Harte Muskelmasse"},{"_icon_image":["6025"],"_icon_text":"Weniger K\u00f6rperfett"},{"_icon_image":["5998"],"_icon_text":"Mehr Energie, mehr aufgepumpte Muskeln"}]},"_links":{"self":[{"href":"https:\/\/german-medico.com\/de\/wp-json\/wp\/v2\/product\/6571","targetHints":{"allow":["GET"]}}],"collection":[{"href":"https:\/\/german-medico.com\/de\/wp-json\/wp\/v2\/product"}],"about":[{"href":"https:\/\/german-medico.com\/de\/wp-json\/wp\/v2\/types\/product"}],"wp:featuredmedia":[{"embeddable":true,"href":"https:\/\/german-medico.com\/de\/wp-json\/wp\/v2\/media\/6030"}],"wp:attachment":[{"href":"https:\/\/german-medico.com\/de\/wp-json\/wp\/v2\/media?parent=6571"}],"wp:term":[{"taxonomy":"product_cat","embeddable":true,"href":"https:\/\/german-medico.com\/de\/wp-json\/wp\/v2\/product_cat?post=6571"},{"taxonomy":"product_tag","embeddable":true,"href":"https:\/\/german-medico.com\/de\/wp-json\/wp\/v2\/product_tag?post=6571"}],"curies":[{"name":"wp","href":"https:\/\/api.w.org\/{rel}","templated":true}]}}